{"id":686,"date":"2018-10-16T03:55:16","date_gmt":"2018-10-16T03:55:16","guid":{"rendered":"https:\/\/woostify.com\/demos\/fashion1\/?page_id=9"},"modified":"2023-06-05T19:03:51","modified_gmt":"2023-06-05T19:03:51","slug":"checkout-2","status":"publish","type":"page","link":"https:\/\/dupeparfum.fr\/en\/checkout-2\/","title":{"rendered":"PAIEMENTS"},"content":{"rendered":"<div class=\"woocommerce\"><\/div>","protected":false},"excerpt":{"rendered":"","protected":false},"author":1,"featured_media":0,"parent":0,"menu_order":0,"comment_status":"closed","ping_status":"closed","template":"","meta":{"_acf_changed":false,"_monsterinsights_skip_tracking":false,"_monsterinsights_sitenote_active":false,"_monsterinsights_sitenote_note":"","_monsterinsights_sitenote_category":0,"footnotes":""},"class_list":["post-686","page","type-page","status-publish","hentry"],"acf":[],"yoast_head":"<!-- This site is optimized with the Yoast SEO plugin v27.5 - https:\/\/yoast.com\/product\/yoast-seo-wordpress\/ -->\n<title>Paiement : Dupe Parfum<\/title>\n<meta name=\"description\" content=\"Dupe parfum et parfum similaire, votre parfumerie des dupes de parfum. pour femme et pour homme inspir\u00e9 par les plus grandes marques.\" \/>\n<meta name=\"robots\" content=\"index, follow, max-snippet:-1, max-image-preview:large, max-video-preview:-1\" \/>\n<link rel=\"canonical\" href=\"https:\/\/dupeparfum.fr\/en\/checkout-2\/\" \/>\n<meta property=\"og:locale\" content=\"en_US\" \/>\n<meta property=\"og:type\" content=\"article\" \/>\n<meta property=\"og:title\" content=\"Paiement : Dupe Parfum\" \/>\n<meta property=\"og:description\" content=\"Dupe parfum et parfum similaire, votre parfumerie des dupes de parfum. pour femme et pour homme inspir\u00e9 par les plus grandes marques.\" \/>\n<meta property=\"og:url\" content=\"https:\/\/dupeparfum.fr\/en\/checkout-2\/\" \/>\n<meta property=\"og:site_name\" content=\"Dupe Parfum\" \/>\n<meta property=\"article:publisher\" content=\"https:\/\/www.facebook.com\/parfumdepoches\" \/>\n<meta property=\"article:modified_time\" content=\"2023-06-05T19:03:51+00:00\" \/>\n<meta property=\"og:image\" content=\"https:\/\/dupeparfum.fr\/wp-content\/uploads\/2020\/05\/SITE.jpg\" \/>\n\t<meta property=\"og:image:width\" content=\"1203\" \/>\n\t<meta property=\"og:image:height\" content=\"625\" \/>\n\t<meta property=\"og:image:type\" content=\"image\/jpeg\" \/>\n<meta name=\"twitter:card\" content=\"summary_large_image\" \/>\n<meta name=\"twitter:label1\" content=\"Est. reading time\" \/>\n\t<meta name=\"twitter:data1\" content=\"1 minute\" \/>\n<script type=\"application\/ld+json\" class=\"yoast-schema-graph\">{\"@context\":\"https:\\\/\\\/schema.org\",\"@graph\":[{\"@type\":\"WebPage\",\"@id\":\"https:\\\/\\\/dupeparfum.fr\\\/checkout-2\\\/\",\"url\":\"https:\\\/\\\/dupeparfum.fr\\\/checkout-2\\\/\",\"name\":\"Paiement : Dupe Parfum\",\"isPartOf\":{\"@id\":\"https:\\\/\\\/dupeparfum.fr\\\/#website\"},\"datePublished\":\"2018-10-16T03:55:16+00:00\",\"dateModified\":\"2023-06-05T19:03:51+00:00\",\"description\":\"Dupe parfum et parfum similaire, votre parfumerie des dupes de parfum. pour femme et pour homme inspir\u00e9 par les plus grandes marques.\",\"breadcrumb\":{\"@id\":\"https:\\\/\\\/dupeparfum.fr\\\/checkout-2\\\/#breadcrumb\"},\"inLanguage\":\"en-US\",\"potentialAction\":[{\"@type\":\"ReadAction\",\"target\":[\"https:\\\/\\\/dupeparfum.fr\\\/checkout-2\\\/\"]}]},{\"@type\":\"BreadcrumbList\",\"@id\":\"https:\\\/\\\/dupeparfum.fr\\\/checkout-2\\\/#breadcrumb\",\"itemListElement\":[{\"@type\":\"ListItem\",\"position\":1,\"name\":\"Home\",\"item\":\"https:\\\/\\\/dupeparfum.fr\\\/\"},{\"@type\":\"ListItem\",\"position\":2,\"name\":\"PAIEMENTS\"}]},{\"@type\":\"WebSite\",\"@id\":\"https:\\\/\\\/dupeparfum.fr\\\/#website\",\"url\":\"https:\\\/\\\/dupeparfum.fr\\\/\",\"name\":\"Dupe Parfum\",\"description\":\"dupe parfum indispensable\",\"publisher\":{\"@id\":\"https:\\\/\\\/dupeparfum.fr\\\/#organization\"},\"potentialAction\":[{\"@type\":\"SearchAction\",\"target\":{\"@type\":\"EntryPoint\",\"urlTemplate\":\"https:\\\/\\\/dupeparfum.fr\\\/?s={search_term_string}\"},\"query-input\":{\"@type\":\"PropertyValueSpecification\",\"valueRequired\":true,\"valueName\":\"search_term_string\"}}],\"inLanguage\":\"en-US\"},{\"@type\":\"Organization\",\"@id\":\"https:\\\/\\\/dupeparfum.fr\\\/#organization\",\"name\":\"Dupe Parfum\",\"url\":\"https:\\\/\\\/dupeparfum.fr\\\/\",\"logo\":{\"@type\":\"ImageObject\",\"inLanguage\":\"en-US\",\"@id\":\"https:\\\/\\\/dupeparfum.fr\\\/#\\\/schema\\\/logo\\\/image\\\/\",\"url\":\"https:\\\/\\\/dupeparfum.fr\\\/wp-content\\\/uploads\\\/2022\\\/11\\\/LOGO-SITE-PARFUMS-e1668252660261.png\",\"contentUrl\":\"https:\\\/\\\/dupeparfum.fr\\\/wp-content\\\/uploads\\\/2022\\\/11\\\/LOGO-SITE-PARFUMS-e1668252660261.png\",\"width\":198,\"height\":190,\"caption\":\"Dupe Parfum\"},\"image\":{\"@id\":\"https:\\\/\\\/dupeparfum.fr\\\/#\\\/schema\\\/logo\\\/image\\\/\"},\"sameAs\":[\"https:\\\/\\\/www.facebook.com\\\/parfumdepoches\"]}]}<\/script>\n<!-- \/ Yoast SEO plugin. -->","yoast_head_json":{"title":"Paiement : Dupe Parfum","description":"Dupe parfum et parfum similaire, votre parfumerie des dupes de parfum. pour femme et pour homme inspir\u00e9 par les plus grandes marques.","robots":{"index":"index","follow":"follow","max-snippet":"max-snippet:-1","max-image-preview":"max-image-preview:large","max-video-preview":"max-video-preview:-1"},"canonical":"https:\/\/dupeparfum.fr\/en\/checkout-2\/","og_locale":"en_US","og_type":"article","og_title":"Paiement : Dupe Parfum","og_description":"Dupe parfum et parfum similaire, votre parfumerie des dupes de parfum. pour femme et pour homme inspir\u00e9 par les plus grandes marques.","og_url":"https:\/\/dupeparfum.fr\/en\/checkout-2\/","og_site_name":"Dupe Parfum","article_publisher":"https:\/\/www.facebook.com\/parfumdepoches","article_modified_time":"2023-06-05T19:03:51+00:00","og_image":[{"width":1203,"height":625,"url":"https:\/\/dupeparfum.fr\/wp-content\/uploads\/2020\/05\/SITE.jpg","type":"image\/jpeg"}],"twitter_card":"summary_large_image","twitter_misc":{"Est. reading time":"1 minute"},"schema":{"@context":"https:\/\/schema.org","@graph":[{"@type":"WebPage","@id":"https:\/\/dupeparfum.fr\/checkout-2\/","url":"https:\/\/dupeparfum.fr\/checkout-2\/","name":"Paiement : Dupe Parfum","isPartOf":{"@id":"https:\/\/dupeparfum.fr\/#website"},"datePublished":"2018-10-16T03:55:16+00:00","dateModified":"2023-06-05T19:03:51+00:00","description":"Dupe parfum et parfum similaire, votre parfumerie des dupes de parfum. pour femme et pour homme inspir\u00e9 par les plus grandes marques.","breadcrumb":{"@id":"https:\/\/dupeparfum.fr\/checkout-2\/#breadcrumb"},"inLanguage":"en-US","potentialAction":[{"@type":"ReadAction","target":["https:\/\/dupeparfum.fr\/checkout-2\/"]}]},{"@type":"BreadcrumbList","@id":"https:\/\/dupeparfum.fr\/checkout-2\/#breadcrumb","itemListElement":[{"@type":"ListItem","position":1,"name":"Home","item":"https:\/\/dupeparfum.fr\/"},{"@type":"ListItem","position":2,"name":"PAIEMENTS"}]},{"@type":"WebSite","@id":"https:\/\/dupeparfum.fr\/#website","url":"https:\/\/dupeparfum.fr\/","name":"Dupe Parfum","description":"dupe parfum indispensable","publisher":{"@id":"https:\/\/dupeparfum.fr\/#organization"},"potentialAction":[{"@type":"SearchAction","target":{"@type":"EntryPoint","urlTemplate":"https:\/\/dupeparfum.fr\/?s={search_term_string}"},"query-input":{"@type":"PropertyValueSpecification","valueRequired":true,"valueName":"search_term_string"}}],"inLanguage":"en-US"},{"@type":"Organization","@id":"https:\/\/dupeparfum.fr\/#organization","name":"Dupe Parfum","url":"https:\/\/dupeparfum.fr\/","logo":{"@type":"ImageObject","inLanguage":"en-US","@id":"https:\/\/dupeparfum.fr\/#\/schema\/logo\/image\/","url":"https:\/\/dupeparfum.fr\/wp-content\/uploads\/2022\/11\/LOGO-SITE-PARFUMS-e1668252660261.png","contentUrl":"https:\/\/dupeparfum.fr\/wp-content\/uploads\/2022\/11\/LOGO-SITE-PARFUMS-e1668252660261.png","width":198,"height":190,"caption":"Dupe Parfum"},"image":{"@id":"https:\/\/dupeparfum.fr\/#\/schema\/logo\/image\/"},"sameAs":["https:\/\/www.facebook.com\/parfumdepoches"]}]}},"jetpack_sharing_enabled":true,"jetpack-related-posts":[{"id":707,"url":"https:\/\/dupeparfum.fr\/en\/","url_meta":{"origin":686,"position":0},"title":"ACCEUIL","author":"admin","date":"October 16, 2018","format":false,"excerpt":"Dupe parfum \u00e0 petit prix pour femme et homme Votre parfum \u00e9quivalent homme qui refl\u00e8te l\u2019\u00e9l\u00e9gance et le raffinement. CATALOQGUE PARFUM HOMME Les meilleurs parfums pour femmes \u00e9l\u00e9gantes et raffin\u00e9es. CATALOQGUE PARFUM FEMME VOIR TOUT QU'EST CE QU'UN DUPE DE PARFUM? Un dupe de parfum est une alternative inspir\u00e9e des\u2026","rel":"","context":"Similar post","block_context":{"text":"Similar post","link":""},"img":{"alt_text":"dupe parfum","src":"https:\/\/dupeparfum.fr\/wp-content\/uploads\/2024\/11\/Parfum-De-Poche-N186-Inspire-de-La-Vie-Est-Belle-Florale.jpg","width":350,"height":200,"srcset":"https:\/\/dupeparfum.fr\/wp-content\/uploads\/2024\/11\/Parfum-De-Poche-N186-Inspire-de-La-Vie-Est-Belle-Florale.jpg 1x, https:\/\/dupeparfum.fr\/wp-content\/uploads\/2024\/11\/Parfum-De-Poche-N186-Inspire-de-La-Vie-Est-Belle-Florale.jpg 1.5x"},"classes":[]},{"id":1718,"url":"https:\/\/dupeparfum.fr\/en\/faq\/","url_meta":{"origin":686,"position":1},"title":"FAQ","author":"admin","date":"July 18, 2020","format":false,"excerpt":"FAQ et RETOUR DU PRODUIT Qu\u2019est-ce qu\u2019un dupe parfum ? Un dupe parfum est une alternative inspir\u00e9e des grandes marques de parfumerie, qui reproduit des accords olfactifs proches, \u00e0 un prix beaucoup plus abordable. DupeParfum.fr vend-il des contrefa\u00e7ons ? Non. Tous nos parfums sont 100 % l\u00e9gaux et fabriqu\u00e9s en\u2026","rel":"","context":"Similar post","block_context":{"text":"Similar post","link":""},"img":{"alt_text":"dupes parfums","src":"https:\/\/dupeparfum.fr\/wp-content\/uploads\/2025\/08\/dupes-parfums-scaled-e1756516292874.jpg","width":350,"height":200,"srcset":"https:\/\/dupeparfum.fr\/wp-content\/uploads\/2025\/08\/dupes-parfums-scaled-e1756516292874.jpg 1x, https:\/\/dupeparfum.fr\/wp-content\/uploads\/2025\/08\/dupes-parfums-scaled-e1756516292874.jpg 1.5x, https:\/\/dupeparfum.fr\/wp-content\/uploads\/2025\/08\/dupes-parfums-scaled-e1756516292874.jpg 2x, https:\/\/dupeparfum.fr\/wp-content\/uploads\/2025\/08\/dupes-parfums-scaled-e1756516292874.jpg 3x"},"classes":[]}],"post-meta":{"_elementor_controls_usage":["a:0:{}"],"_wxr_import_user_slug":["vahe"],"_edit_last":["1"],"_wp_page_template":["default"],"_edit_lock":["1685992388:1"],"rank_math_robots":["a:1:{i:0;s:5:\"index\";}"],"_yoast_wpseo_title":["Paiement : Dupe Parfum"],"_last_editor_used_jetpack":["block-editor"],"hefo_before":["0"],"hefo_after":["0"],"ao_post_optimize":["a:6:{s:16:\"ao_post_optimize\";s:2:\"on\";s:19:\"ao_post_js_optimize\";s:2:\"on\";s:20:\"ao_post_css_optimize\";s:2:\"on\";s:12:\"ao_post_ccss\";s:2:\"on\";s:16:\"ao_post_lazyload\";s:2:\"on\";s:15:\"ao_post_preload\";s:0:\"\";}"],"site-container":["default"],"site-header-transparent":["default"],"site-page-header":["default"],"site-sidebar":["default"],"_yoast_wpseo_estimated-reading-time-minutes":["1"],"_yoast_wpseo_wordproof_timestamp":[""],"_eael_post_view_count":["3142"],"_jetpack_related_posts_cache":["a:1:{s:32:\"bfc62710165ed7b51223b165689d40a3\";a:2:{s:7:\"expires\";i:1777935401;s:7:\"payload\";a:3:{i:0;a:1:{s:2:\"id\";i:7721;}i:1;a:1:{s:2:\"id\";i:707;}i:2;a:1:{s:2:\"id\";i:1718;}}}}"]},"_links":{"self":[{"href":"https:\/\/dupeparfum.fr\/en\/wp-json\/wp\/v2\/pages\/686","targetHints":{"allow":["GET"]}}],"collection":[{"href":"https:\/\/dupeparfum.fr\/en\/wp-json\/wp\/v2\/pages"}],"about":[{"href":"https:\/\/dupeparfum.fr\/en\/wp-json\/wp\/v2\/types\/page"}],"author":[{"embeddable":true,"href":"https:\/\/dupeparfum.fr\/en\/wp-json\/wp\/v2\/users\/1"}],"replies":[{"embeddable":true,"href":"https:\/\/dupeparfum.fr\/en\/wp-json\/wp\/v2\/comments?post=686"}],"version-history":[{"count":1,"href":"https:\/\/dupeparfum.fr\/en\/wp-json\/wp\/v2\/pages\/686\/revisions"}],"predecessor-version":[{"id":5461,"href":"https:\/\/dupeparfum.fr\/en\/wp-json\/wp\/v2\/pages\/686\/revisions\/5461"}],"wp:attachment":[{"href":"https:\/\/dupeparfum.fr\/en\/wp-json\/wp\/v2\/media?parent=686"}],"curies":[{"name":"wp","href":"https:\/\/api.w.org\/{rel}","templated":true}]}}