{"id":705,"date":"2018-10-16T03:55:16","date_gmt":"2018-10-16T03:55:16","guid":{"rendered":"https:\/\/woostify.com\/demos\/fashion1\/?page_id=10"},"modified":"2022-11-24T17:39:52","modified_gmt":"2022-11-24T17:39:52","slug":"my-account-2","status":"publish","type":"page","link":"https:\/\/dupeparfum.fr\/en\/my-account-2\/","title":{"rendered":"MON COMPTE"},"content":{"rendered":"<div class=\"woocommerce\"><\/div>","protected":false},"excerpt":{"rendered":"","protected":false},"author":1,"featured_media":0,"parent":0,"menu_order":0,"comment_status":"closed","ping_status":"closed","template":"","meta":{"_acf_changed":false,"_monsterinsights_skip_tracking":false,"_monsterinsights_sitenote_active":false,"_monsterinsights_sitenote_note":"","_monsterinsights_sitenote_category":0,"footnotes":""},"class_list":["post-705","page","type-page","status-publish","hentry"],"acf":[],"yoast_head":"<!-- This site is optimized with the Yoast SEO plugin v27.4 - https:\/\/yoast.com\/product\/yoast-seo-wordpress\/ -->\n<title>Connexion : DupeParfum.fr<\/title>\n<meta name=\"description\" content=\"Dupe parfum et parfum similaire, votre parfumerie des dupes de parfum. pour femme et pour homme inspir\u00e9 par les plus grandes marques.\" \/>\n<meta name=\"robots\" content=\"index, follow, max-snippet:-1, max-image-preview:large, max-video-preview:-1\" \/>\n<link rel=\"canonical\" href=\"https:\/\/dupeparfum.fr\/en\/my-account-2\/\" \/>\n<meta property=\"og:locale\" content=\"en_US\" \/>\n<meta property=\"og:type\" content=\"article\" \/>\n<meta property=\"og:title\" content=\"Connexion : DupeParfum.fr\" \/>\n<meta property=\"og:description\" content=\"Dupe parfum et parfum similaire, votre parfumerie des dupes de parfum. pour femme et pour homme inspir\u00e9 par les plus grandes marques.\" \/>\n<meta property=\"og:url\" content=\"https:\/\/dupeparfum.fr\/en\/my-account-2\/\" \/>\n<meta property=\"og:site_name\" content=\"Dupe Parfum\" \/>\n<meta property=\"article:publisher\" content=\"https:\/\/www.facebook.com\/parfumdepoches\" \/>\n<meta property=\"article:modified_time\" content=\"2022-11-24T17:39:52+00:00\" \/>\n<meta property=\"og:image\" content=\"https:\/\/dupeparfum.fr\/wp-content\/uploads\/2020\/05\/SITE.jpg\" \/>\n\t<meta property=\"og:image:width\" content=\"1203\" \/>\n\t<meta property=\"og:image:height\" content=\"625\" \/>\n\t<meta property=\"og:image:type\" content=\"image\/jpeg\" \/>\n<meta name=\"twitter:card\" content=\"summary_large_image\" \/>\n<meta name=\"twitter:label1\" content=\"Est. reading time\" \/>\n\t<meta name=\"twitter:data1\" content=\"1 minute\" \/>\n<script type=\"application\/ld+json\" class=\"yoast-schema-graph\">{\"@context\":\"https:\\\/\\\/schema.org\",\"@graph\":[{\"@type\":\"WebPage\",\"@id\":\"https:\\\/\\\/dupeparfum.fr\\\/my-account-2\\\/\",\"url\":\"https:\\\/\\\/dupeparfum.fr\\\/my-account-2\\\/\",\"name\":\"Connexion : DupeParfum.fr\",\"isPartOf\":{\"@id\":\"https:\\\/\\\/dupeparfum.fr\\\/#website\"},\"datePublished\":\"2018-10-16T03:55:16+00:00\",\"dateModified\":\"2022-11-24T17:39:52+00:00\",\"description\":\"Dupe parfum et parfum similaire, votre parfumerie des dupes de parfum. pour femme et pour homme inspir\u00e9 par les plus grandes marques.\",\"breadcrumb\":{\"@id\":\"https:\\\/\\\/dupeparfum.fr\\\/my-account-2\\\/#breadcrumb\"},\"inLanguage\":\"en-US\",\"potentialAction\":[{\"@type\":\"ReadAction\",\"target\":[\"https:\\\/\\\/dupeparfum.fr\\\/my-account-2\\\/\"]}]},{\"@type\":\"BreadcrumbList\",\"@id\":\"https:\\\/\\\/dupeparfum.fr\\\/my-account-2\\\/#breadcrumb\",\"itemListElement\":[{\"@type\":\"ListItem\",\"position\":1,\"name\":\"Home\",\"item\":\"https:\\\/\\\/dupeparfum.fr\\\/\"},{\"@type\":\"ListItem\",\"position\":2,\"name\":\"MON COMPTE\"}]},{\"@type\":\"WebSite\",\"@id\":\"https:\\\/\\\/dupeparfum.fr\\\/#website\",\"url\":\"https:\\\/\\\/dupeparfum.fr\\\/\",\"name\":\"Dupe Parfum\",\"description\":\"dupe parfum indispensable\",\"publisher\":{\"@id\":\"https:\\\/\\\/dupeparfum.fr\\\/#organization\"},\"potentialAction\":[{\"@type\":\"SearchAction\",\"target\":{\"@type\":\"EntryPoint\",\"urlTemplate\":\"https:\\\/\\\/dupeparfum.fr\\\/?s={search_term_string}\"},\"query-input\":{\"@type\":\"PropertyValueSpecification\",\"valueRequired\":true,\"valueName\":\"search_term_string\"}}],\"inLanguage\":\"en-US\"},{\"@type\":\"Organization\",\"@id\":\"https:\\\/\\\/dupeparfum.fr\\\/#organization\",\"name\":\"Dupe Parfum\",\"url\":\"https:\\\/\\\/dupeparfum.fr\\\/\",\"logo\":{\"@type\":\"ImageObject\",\"inLanguage\":\"en-US\",\"@id\":\"https:\\\/\\\/dupeparfum.fr\\\/#\\\/schema\\\/logo\\\/image\\\/\",\"url\":\"https:\\\/\\\/dupeparfum.fr\\\/wp-content\\\/uploads\\\/2022\\\/11\\\/LOGO-SITE-PARFUMS-e1668252660261.png\",\"contentUrl\":\"https:\\\/\\\/dupeparfum.fr\\\/wp-content\\\/uploads\\\/2022\\\/11\\\/LOGO-SITE-PARFUMS-e1668252660261.png\",\"width\":198,\"height\":190,\"caption\":\"Dupe Parfum\"},\"image\":{\"@id\":\"https:\\\/\\\/dupeparfum.fr\\\/#\\\/schema\\\/logo\\\/image\\\/\"},\"sameAs\":[\"https:\\\/\\\/www.facebook.com\\\/parfumdepoches\"]}]}<\/script>\n<!-- \/ Yoast SEO plugin. -->","yoast_head_json":{"title":"Connexion : DupeParfum.fr","description":"Dupe parfum et parfum similaire, votre parfumerie des dupes de parfum. pour femme et pour homme inspir\u00e9 par les plus grandes marques.","robots":{"index":"index","follow":"follow","max-snippet":"max-snippet:-1","max-image-preview":"max-image-preview:large","max-video-preview":"max-video-preview:-1"},"canonical":"https:\/\/dupeparfum.fr\/en\/my-account-2\/","og_locale":"en_US","og_type":"article","og_title":"Connexion : DupeParfum.fr","og_description":"Dupe parfum et parfum similaire, votre parfumerie des dupes de parfum. pour femme et pour homme inspir\u00e9 par les plus grandes marques.","og_url":"https:\/\/dupeparfum.fr\/en\/my-account-2\/","og_site_name":"Dupe Parfum","article_publisher":"https:\/\/www.facebook.com\/parfumdepoches","article_modified_time":"2022-11-24T17:39:52+00:00","og_image":[{"width":1203,"height":625,"url":"https:\/\/dupeparfum.fr\/wp-content\/uploads\/2020\/05\/SITE.jpg","type":"image\/jpeg"}],"twitter_card":"summary_large_image","twitter_misc":{"Est. reading time":"1 minute"},"schema":{"@context":"https:\/\/schema.org","@graph":[{"@type":"WebPage","@id":"https:\/\/dupeparfum.fr\/my-account-2\/","url":"https:\/\/dupeparfum.fr\/my-account-2\/","name":"Connexion : DupeParfum.fr","isPartOf":{"@id":"https:\/\/dupeparfum.fr\/#website"},"datePublished":"2018-10-16T03:55:16+00:00","dateModified":"2022-11-24T17:39:52+00:00","description":"Dupe parfum et parfum similaire, votre parfumerie des dupes de parfum. pour femme et pour homme inspir\u00e9 par les plus grandes marques.","breadcrumb":{"@id":"https:\/\/dupeparfum.fr\/my-account-2\/#breadcrumb"},"inLanguage":"en-US","potentialAction":[{"@type":"ReadAction","target":["https:\/\/dupeparfum.fr\/my-account-2\/"]}]},{"@type":"BreadcrumbList","@id":"https:\/\/dupeparfum.fr\/my-account-2\/#breadcrumb","itemListElement":[{"@type":"ListItem","position":1,"name":"Home","item":"https:\/\/dupeparfum.fr\/"},{"@type":"ListItem","position":2,"name":"MON COMPTE"}]},{"@type":"WebSite","@id":"https:\/\/dupeparfum.fr\/#website","url":"https:\/\/dupeparfum.fr\/","name":"Dupe Parfum","description":"dupe parfum indispensable","publisher":{"@id":"https:\/\/dupeparfum.fr\/#organization"},"potentialAction":[{"@type":"SearchAction","target":{"@type":"EntryPoint","urlTemplate":"https:\/\/dupeparfum.fr\/?s={search_term_string}"},"query-input":{"@type":"PropertyValueSpecification","valueRequired":true,"valueName":"search_term_string"}}],"inLanguage":"en-US"},{"@type":"Organization","@id":"https:\/\/dupeparfum.fr\/#organization","name":"Dupe Parfum","url":"https:\/\/dupeparfum.fr\/","logo":{"@type":"ImageObject","inLanguage":"en-US","@id":"https:\/\/dupeparfum.fr\/#\/schema\/logo\/image\/","url":"https:\/\/dupeparfum.fr\/wp-content\/uploads\/2022\/11\/LOGO-SITE-PARFUMS-e1668252660261.png","contentUrl":"https:\/\/dupeparfum.fr\/wp-content\/uploads\/2022\/11\/LOGO-SITE-PARFUMS-e1668252660261.png","width":198,"height":190,"caption":"Dupe Parfum"},"image":{"@id":"https:\/\/dupeparfum.fr\/#\/schema\/logo\/image\/"},"sameAs":["https:\/\/www.facebook.com\/parfumdepoches"]}]}},"jetpack_sharing_enabled":true,"jetpack-related-posts":[{"id":683,"url":"https:\/\/dupeparfum.fr\/en\/termes-et-conditions\/","url_meta":{"origin":705,"position":0},"title":"POLITIQUE DE CONFIDENTIALITE","author":"admin","date":"October 16, 2018","format":false,"excerpt":"QUI SOMMES NOUS R\u00e8gles de confidentialit\u00e9 dupeparfum.fr Informations d'identification demand\u00e9es lors de l'inscription Un pseudonyme et un mot de passe sont demand\u00e9s lors de l'inscription. Ces informations sont utilis\u00e9es pour prot\u00e9ger votre compte contre d'\u00e9ventuels acc\u00e8s non autoris\u00e9s. Un compte dupeparfum.fr vous permet d'acc\u00e9der \u00e0 de nombreux services n\u00e9cessitant une\u2026","rel":"","context":"Similar post","block_context":{"text":"Similar post","link":""},"img":{"alt_text":"","src":"","width":0,"height":0},"classes":[]},{"id":9,"url":"https:\/\/dupeparfum.fr\/en\/my-account\/","url_meta":{"origin":705,"position":1},"title":"MON COMPTE","author":"admin","date":"May 14, 2020","format":false,"excerpt":"","rel":"","context":"Similar post","block_context":{"text":"Similar post","link":""},"img":{"alt_text":"","src":"","width":0,"height":0},"classes":[]},{"id":707,"url":"https:\/\/dupeparfum.fr\/en\/","url_meta":{"origin":705,"position":2},"title":"ACCEUIL","author":"admin","date":"October 16, 2018","format":false,"excerpt":"Dupe parfum \u00e0 petit prix pour femme et homme Votre parfum \u00e9quivalent homme qui refl\u00e8te l\u2019\u00e9l\u00e9gance et le raffinement. CATALOQGUE PARFUM HOMME Les meilleurs parfums pour femmes \u00e9l\u00e9gantes et raffin\u00e9es. CATALOQGUE PARFUM FEMME VOIR TOUT QU'EST CE QU'UN DUPE DE PARFUM? Un dupe de parfum est une alternative inspir\u00e9e des\u2026","rel":"","context":"Similar post","block_context":{"text":"Similar post","link":""},"img":{"alt_text":"dupe parfum","src":"https:\/\/dupeparfum.fr\/wp-content\/uploads\/2024\/11\/Parfum-De-Poche-N186-Inspire-de-La-Vie-Est-Belle-Florale.jpg","width":350,"height":200,"srcset":"https:\/\/dupeparfum.fr\/wp-content\/uploads\/2024\/11\/Parfum-De-Poche-N186-Inspire-de-La-Vie-Est-Belle-Florale.jpg 1x, https:\/\/dupeparfum.fr\/wp-content\/uploads\/2024\/11\/Parfum-De-Poche-N186-Inspire-de-La-Vie-Est-Belle-Florale.jpg 1.5x"},"classes":[]}],"post-meta":{"_elementor_controls_usage":["a:0:{}"],"_wxr_import_user_slug":["vahe"],"_edit_lock":["1669311592:1"],"_edit_last":["1"],"site-container":["default"],"site-header-transparent":["default"],"site-page-header":["default"],"site-sidebar":["default"],"_wp_page_template":["default"],"rank_math_robots":["a:1:{i:0;s:5:\"index\";}"],"rank_math_focus_keyword":["mon compte parfum de poche"],"_yoast_wpseo_title":["Connexion : DupeParfum.fr"],"_last_editor_used_jetpack":["block-editor"],"hefo_before":["0"],"hefo_after":["0"],"ao_post_optimize":["a:6:{s:16:\"ao_post_optimize\";s:2:\"on\";s:19:\"ao_post_js_optimize\";s:2:\"on\";s:20:\"ao_post_css_optimize\";s:2:\"on\";s:12:\"ao_post_ccss\";s:2:\"on\";s:16:\"ao_post_lazyload\";s:2:\"on\";s:15:\"ao_post_preload\";s:0:\"\";}"],"_yoast_wpseo_estimated-reading-time-minutes":["1"],"_yoast_wpseo_wordproof_timestamp":[""],"_eael_post_view_count":["4662"],"_jetpack_related_posts_cache":["a:1:{s:32:\"bfc62710165ed7b51223b165689d40a3\";a:2:{s:7:\"expires\";i:1776319780;s:7:\"payload\";a:4:{i:0;a:1:{s:2:\"id\";i:683;}i:1;a:1:{s:2:\"id\";i:9;}i:2;a:1:{s:2:\"id\";i:7721;}i:3;a:1:{s:2:\"id\";i:707;}}}}"]},"_links":{"self":[{"href":"https:\/\/dupeparfum.fr\/en\/wp-json\/wp\/v2\/pages\/705","targetHints":{"allow":["GET"]}}],"collection":[{"href":"https:\/\/dupeparfum.fr\/en\/wp-json\/wp\/v2\/pages"}],"about":[{"href":"https:\/\/dupeparfum.fr\/en\/wp-json\/wp\/v2\/types\/page"}],"author":[{"embeddable":true,"href":"https:\/\/dupeparfum.fr\/en\/wp-json\/wp\/v2\/users\/1"}],"replies":[{"embeddable":true,"href":"https:\/\/dupeparfum.fr\/en\/wp-json\/wp\/v2\/comments?post=705"}],"version-history":[{"count":1,"href":"https:\/\/dupeparfum.fr\/en\/wp-json\/wp\/v2\/pages\/705\/revisions"}],"predecessor-version":[{"id":5364,"href":"https:\/\/dupeparfum.fr\/en\/wp-json\/wp\/v2\/pages\/705\/revisions\/5364"}],"wp:attachment":[{"href":"https:\/\/dupeparfum.fr\/en\/wp-json\/wp\/v2\/media?parent=705"}],"curies":[{"name":"wp","href":"https:\/\/api.w.org\/{rel}","templated":true}]}}