{"id":9,"date":"2020-05-14T09:27:58","date_gmt":"2020-05-14T09:27:58","guid":{"rendered":"https:\/\/parfumdepoche.fr\/?page_id=9"},"modified":"2023-07-24T11:01:35","modified_gmt":"2023-07-24T11:01:35","slug":"my-account","status":"publish","type":"page","link":"https:\/\/dupeparfum.fr\/en\/my-account\/","title":{"rendered":"MON COMPTE"},"content":{"rendered":"<div data-elementor-type=\"wp-page\" data-elementor-id=\"9\" class=\"elementor elementor-9\">\n\t\t\t\t\t\t<section class=\"elementor-section elementor-top-section elementor-element elementor-element-462bb519 elementor-section-boxed elementor-section-height-default elementor-section-height-default\" data-id=\"462bb519\" data-element_type=\"section\" data-e-type=\"section\">\n\t\t\t\t\t\t<div class=\"elementor-container elementor-column-gap-default\">\n\t\t\t\t\t<div class=\"elementor-column elementor-col-100 elementor-top-column elementor-element elementor-element-73921d10\" data-id=\"73921d10\" data-element_type=\"column\" data-e-type=\"column\">\n\t\t\t<div class=\"elementor-widget-wrap elementor-element-populated\">\n\t\t\t\t\t\t<div class=\"elementor-element elementor-element-263bb6aa elementor-widget elementor-widget-text-editor\" data-id=\"263bb6aa\" data-element_type=\"widget\" data-e-type=\"widget\" data-widget_type=\"text-editor.default\">\n\t\t\t\t<div class=\"elementor-widget-container\">\n\t\t\t\t\t\t\t\t\t<div class=\"woocommerce\">\n<div class=\"woocommerce-notices-wrapper\"><\/div>\n<div class=\"u-columns col2-set\" id=\"customer_login\">\n<div class=\"u-column1 col-1\">\n<h2 data-no-translation=\"\" data-trp-gettext=\"\">Login<\/h2>\n<form class=\"woocommerce-form woocommerce-form-login login\" method=\"post\" novalidate action=\"\">\n<p class=\"woocommerce-form-row woocommerce-form-row--wide form-row form-row-wide\">\n\t\t\t\t<label for=\"username\">Username or email address&nbsp;<span class=\"required\" aria-hidden=\"true\">*<\/span><span class=\"screen-reader-text\" data-no-translation=\"\" data-trp-gettext=\"\">Required<\/span><\/label><br \/>\n\t\t\t\t<input type=\"text\" class=\"woocommerce-Input woocommerce-Input--text input-text\" name=\"username\" id=\"username\" autocomplete=\"username\" value=\"\" required aria-required=\"true\" \/>\t\t\t<\/p>\n<p class=\"woocommerce-form-row woocommerce-form-row--wide form-row form-row-wide\">\n\t\t\t\t<label for=\"password\">Password&nbsp;<span class=\"required\" aria-hidden=\"true\">*<\/span><span class=\"screen-reader-text\" data-no-translation=\"\" data-trp-gettext=\"\">Required<\/span><\/label><br \/>\n\t\t\t\t<input class=\"woocommerce-Input woocommerce-Input--text input-text\" type=\"password\" name=\"password\" id=\"password\" autocomplete=\"current-password\" required aria-required=\"true\" \/>\n\t\t\t<\/p>\n<p class=\"form-row\">\n\t\t\t\t<label class=\"woocommerce-form__label woocommerce-form__label-for-checkbox woocommerce-form-login__rememberme\"><br \/>\n\t\t\t\t\t<input class=\"woocommerce-form__input woocommerce-form__input-checkbox\" name=\"rememberme\" type=\"checkbox\" id=\"rememberme\" value=\"forever\" \/> <span data-no-translation=\"\" data-trp-gettext=\"\">Remember me<\/span><br \/>\n\t\t\t\t<\/label><br \/>\n\t\t\t\t<input type=\"hidden\" id=\"woocommerce-login-nonce\" name=\"woocommerce-login-nonce\" value=\"0fad72a6f7\" \/><input type=\"hidden\" name=\"_wp_http_referer\" value=\"\/en\/wp-json\/wp\/v2\/pages\/9\" \/>\t\t\t\t<button type=\"submit\" class=\"woocommerce-button button woocommerce-form-login__submit\" name=\"login\" value=\"Log in\" data-no-translation=\"\" data-trp-gettext=\"\" data-no-translation-value=\"\">Log in<\/button>\n\t\t\t<\/p>\n<p class=\"woocommerce-LostPassword lost_password\">\n\t\t\t\t<a href=\"https:\/\/dupeparfum.fr\/en\/my-account\/lost-password\/\" data-no-translation=\"\" data-trp-gettext=\"\">Lost your password?<\/a>\n\t\t\t<\/p>\n<\/p><input type=\"hidden\" name=\"trp-form-language\" value=\"en\"\/><\/form>\n<\/p><\/div>\n<div class=\"u-column2 col-2\">\n<h2 data-no-translation=\"\" data-trp-gettext=\"\">Register<\/h2>\n<form method=\"post\" class=\"woocommerce-form woocommerce-form-register register\" action=\"\"  >\n<p class=\"woocommerce-form-row woocommerce-form-row--wide form-row form-row-wide\">\n\t\t\t\t<label for=\"reg_email\">Email address&nbsp;<span class=\"required\" aria-hidden=\"true\">*<\/span><span class=\"screen-reader-text\" data-no-translation=\"\" data-trp-gettext=\"\">Required<\/span><\/label><br \/>\n\t\t\t\t<input type=\"email\" class=\"woocommerce-Input woocommerce-Input--text input-text\" name=\"email\" id=\"reg_email\" autocomplete=\"email\" value=\"\" required aria-required=\"true\" \/>\t\t\t<\/p>\n<p data-no-translation=\"\" data-trp-gettext=\"\">A link to set a new password will be sent to your email address.<\/p>\n<div class=\"g-recaptcha\" data-sitekey=\"6Lc0pP8pAAAAAP1HNDcR1kuV9HNEKaCTelJsAv1M\"><\/div>\n<p>\n\t\t<wc-order-attribution-inputs><\/wc-order-attribution-inputs><\/p>\n<div class=\"woocommerce-privacy-policy-text\">\n<p>Vos donn\u00e9es personnelles seront utilis\u00e9es pour le traitement de votre commande, vous accompagner au cours de votre visite du site web, et pour d\u2019autres raisons d\u00e9crites dans notre <a href=\"https:\/\/dupeparfum.fr\/en\/termes-et-conditions\/\" class=\"woocommerce-privacy-policy-link\" target=\"_blank\" data-no-translation=\"\" data-trp-gettext=\"\">privacy policy<\/a>.<\/p>\n<\/div>\n<p class=\"woocommerce-form-row form-row\">\n\t\t\t\t<input type=\"hidden\" id=\"woocommerce-register-nonce\" name=\"woocommerce-register-nonce\" value=\"6f64ee24d0\" \/><input type=\"hidden\" name=\"_wp_http_referer\" value=\"\/en\/wp-json\/wp\/v2\/pages\/9\" \/>\t\t\t\t<button type=\"submit\" class=\"woocommerce-Button woocommerce-button button woocommerce-form-register__submit\" name=\"register\" value=\"Register\" data-no-translation=\"\" data-trp-gettext=\"\" data-no-translation-value=\"\">Register<\/button>\n\t\t\t<\/p>\n<\/p><input type=\"hidden\" name=\"trp-form-language\" value=\"en\"\/><\/form>\n<\/p><\/div>\n<\/div>\n<\/div>\n\t\t\t\t\t\t\t\t<\/div>\n\t\t\t\t<\/div>\n\t\t\t\t\t<\/div>\n\t\t<\/div>\n\t\t\t\t\t<\/div>\n\t\t<\/section>\n\t\t\t\t<\/div>","protected":false},"excerpt":{"rendered":"","protected":false},"author":1,"featured_media":0,"parent":0,"menu_order":0,"comment_status":"closed","ping_status":"closed","template":"","meta":{"_acf_changed":false,"_monsterinsights_skip_tracking":false,"_monsterinsights_sitenote_active":false,"_monsterinsights_sitenote_note":"","_monsterinsights_sitenote_category":0,"footnotes":""},"class_list":["post-9","page","type-page","status-publish","hentry"],"acf":[],"yoast_head":"<!-- This site is optimized with the Yoast SEO plugin v27.4 - https:\/\/yoast.com\/product\/yoast-seo-wordpress\/ -->\n<title>Mon compte : DupeParfum.fr<\/title>\n<meta name=\"description\" content=\"Dupe parfum et parfum similaire, votre parfumerie des dupes de parfum. pour femme et pour homme inspir\u00e9 par les plus grandes marques.\" \/>\n<meta name=\"robots\" content=\"index, follow, max-snippet:-1, max-image-preview:large, max-video-preview:-1\" \/>\n<link rel=\"canonical\" href=\"https:\/\/dupeparfum.fr\/en\/my-account\/\" \/>\n<meta property=\"og:locale\" content=\"en_US\" \/>\n<meta property=\"og:type\" content=\"article\" \/>\n<meta property=\"og:title\" content=\"Mon compte : DupeParfum.fr\" \/>\n<meta property=\"og:description\" content=\"Dupe parfum et parfum similaire, votre parfumerie des dupes de parfum. pour femme et pour homme inspir\u00e9 par les plus grandes marques.\" \/>\n<meta property=\"og:url\" content=\"https:\/\/dupeparfum.fr\/en\/my-account\/\" \/>\n<meta property=\"og:site_name\" content=\"Dupe Parfum\" \/>\n<meta property=\"article:publisher\" content=\"https:\/\/www.facebook.com\/parfumdepoches\" \/>\n<meta property=\"article:modified_time\" content=\"2023-07-24T11:01:35+00:00\" \/>\n<meta property=\"og:image\" content=\"https:\/\/dupeparfum.fr\/wp-content\/uploads\/2020\/05\/SITE.jpg\" \/>\n\t<meta property=\"og:image:width\" content=\"1203\" \/>\n\t<meta property=\"og:image:height\" content=\"625\" \/>\n\t<meta property=\"og:image:type\" content=\"image\/jpeg\" \/>\n<meta name=\"twitter:card\" content=\"summary_large_image\" \/>\n<meta name=\"twitter:label1\" content=\"Est. reading time\" \/>\n\t<meta name=\"twitter:data1\" content=\"1 minute\" \/>\n<script type=\"application\/ld+json\" class=\"yoast-schema-graph\">{\"@context\":\"https:\\\/\\\/schema.org\",\"@graph\":[{\"@type\":\"WebPage\",\"@id\":\"https:\\\/\\\/dupeparfum.fr\\\/my-account\\\/\",\"url\":\"https:\\\/\\\/dupeparfum.fr\\\/my-account\\\/\",\"name\":\"Mon compte : DupeParfum.fr\",\"isPartOf\":{\"@id\":\"https:\\\/\\\/dupeparfum.fr\\\/#website\"},\"datePublished\":\"2020-05-14T09:27:58+00:00\",\"dateModified\":\"2023-07-24T11:01:35+00:00\",\"description\":\"Dupe parfum et parfum similaire, votre parfumerie des dupes de parfum. pour femme et pour homme inspir\u00e9 par les plus grandes marques.\",\"breadcrumb\":{\"@id\":\"https:\\\/\\\/dupeparfum.fr\\\/my-account\\\/#breadcrumb\"},\"inLanguage\":\"en-US\",\"potentialAction\":[{\"@type\":\"ReadAction\",\"target\":[\"https:\\\/\\\/dupeparfum.fr\\\/my-account\\\/\"]}]},{\"@type\":\"BreadcrumbList\",\"@id\":\"https:\\\/\\\/dupeparfum.fr\\\/my-account\\\/#breadcrumb\",\"itemListElement\":[{\"@type\":\"ListItem\",\"position\":1,\"name\":\"Home\",\"item\":\"https:\\\/\\\/dupeparfum.fr\\\/\"},{\"@type\":\"ListItem\",\"position\":2,\"name\":\"MON COMPTE\"}]},{\"@type\":\"WebSite\",\"@id\":\"https:\\\/\\\/dupeparfum.fr\\\/#website\",\"url\":\"https:\\\/\\\/dupeparfum.fr\\\/\",\"name\":\"Dupe Parfum\",\"description\":\"dupe parfum indispensable\",\"publisher\":{\"@id\":\"https:\\\/\\\/dupeparfum.fr\\\/#organization\"},\"potentialAction\":[{\"@type\":\"SearchAction\",\"target\":{\"@type\":\"EntryPoint\",\"urlTemplate\":\"https:\\\/\\\/dupeparfum.fr\\\/?s={search_term_string}\"},\"query-input\":{\"@type\":\"PropertyValueSpecification\",\"valueRequired\":true,\"valueName\":\"search_term_string\"}}],\"inLanguage\":\"en-US\"},{\"@type\":\"Organization\",\"@id\":\"https:\\\/\\\/dupeparfum.fr\\\/#organization\",\"name\":\"Dupe Parfum\",\"url\":\"https:\\\/\\\/dupeparfum.fr\\\/\",\"logo\":{\"@type\":\"ImageObject\",\"inLanguage\":\"en-US\",\"@id\":\"https:\\\/\\\/dupeparfum.fr\\\/#\\\/schema\\\/logo\\\/image\\\/\",\"url\":\"https:\\\/\\\/dupeparfum.fr\\\/wp-content\\\/uploads\\\/2022\\\/11\\\/LOGO-SITE-PARFUMS-e1668252660261.png\",\"contentUrl\":\"https:\\\/\\\/dupeparfum.fr\\\/wp-content\\\/uploads\\\/2022\\\/11\\\/LOGO-SITE-PARFUMS-e1668252660261.png\",\"width\":198,\"height\":190,\"caption\":\"Dupe Parfum\"},\"image\":{\"@id\":\"https:\\\/\\\/dupeparfum.fr\\\/#\\\/schema\\\/logo\\\/image\\\/\"},\"sameAs\":[\"https:\\\/\\\/www.facebook.com\\\/parfumdepoches\"]}]}<\/script>\n<!-- \/ Yoast SEO plugin. -->","yoast_head_json":{"title":"Mon compte : DupeParfum.fr","description":"Dupe parfum et parfum similaire, votre parfumerie des dupes de parfum. pour femme et pour homme inspir\u00e9 par les plus grandes marques.","robots":{"index":"index","follow":"follow","max-snippet":"max-snippet:-1","max-image-preview":"max-image-preview:large","max-video-preview":"max-video-preview:-1"},"canonical":"https:\/\/dupeparfum.fr\/en\/my-account\/","og_locale":"en_US","og_type":"article","og_title":"Mon compte : DupeParfum.fr","og_description":"Dupe parfum et parfum similaire, votre parfumerie des dupes de parfum. pour femme et pour homme inspir\u00e9 par les plus grandes marques.","og_url":"https:\/\/dupeparfum.fr\/en\/my-account\/","og_site_name":"Dupe Parfum","article_publisher":"https:\/\/www.facebook.com\/parfumdepoches","article_modified_time":"2023-07-24T11:01:35+00:00","og_image":[{"width":1203,"height":625,"url":"https:\/\/dupeparfum.fr\/wp-content\/uploads\/2020\/05\/SITE.jpg","type":"image\/jpeg"}],"twitter_card":"summary_large_image","twitter_misc":{"Est. reading time":"1 minute"},"schema":{"@context":"https:\/\/schema.org","@graph":[{"@type":"WebPage","@id":"https:\/\/dupeparfum.fr\/my-account\/","url":"https:\/\/dupeparfum.fr\/my-account\/","name":"Mon compte : DupeParfum.fr","isPartOf":{"@id":"https:\/\/dupeparfum.fr\/#website"},"datePublished":"2020-05-14T09:27:58+00:00","dateModified":"2023-07-24T11:01:35+00:00","description":"Dupe parfum et parfum similaire, votre parfumerie des dupes de parfum. pour femme et pour homme inspir\u00e9 par les plus grandes marques.","breadcrumb":{"@id":"https:\/\/dupeparfum.fr\/my-account\/#breadcrumb"},"inLanguage":"en-US","potentialAction":[{"@type":"ReadAction","target":["https:\/\/dupeparfum.fr\/my-account\/"]}]},{"@type":"BreadcrumbList","@id":"https:\/\/dupeparfum.fr\/my-account\/#breadcrumb","itemListElement":[{"@type":"ListItem","position":1,"name":"Home","item":"https:\/\/dupeparfum.fr\/"},{"@type":"ListItem","position":2,"name":"MON COMPTE"}]},{"@type":"WebSite","@id":"https:\/\/dupeparfum.fr\/#website","url":"https:\/\/dupeparfum.fr\/","name":"Dupe Parfum","description":"dupe parfum indispensable","publisher":{"@id":"https:\/\/dupeparfum.fr\/#organization"},"potentialAction":[{"@type":"SearchAction","target":{"@type":"EntryPoint","urlTemplate":"https:\/\/dupeparfum.fr\/?s={search_term_string}"},"query-input":{"@type":"PropertyValueSpecification","valueRequired":true,"valueName":"search_term_string"}}],"inLanguage":"en-US"},{"@type":"Organization","@id":"https:\/\/dupeparfum.fr\/#organization","name":"Dupe Parfum","url":"https:\/\/dupeparfum.fr\/","logo":{"@type":"ImageObject","inLanguage":"en-US","@id":"https:\/\/dupeparfum.fr\/#\/schema\/logo\/image\/","url":"https:\/\/dupeparfum.fr\/wp-content\/uploads\/2022\/11\/LOGO-SITE-PARFUMS-e1668252660261.png","contentUrl":"https:\/\/dupeparfum.fr\/wp-content\/uploads\/2022\/11\/LOGO-SITE-PARFUMS-e1668252660261.png","width":198,"height":190,"caption":"Dupe Parfum"},"image":{"@id":"https:\/\/dupeparfum.fr\/#\/schema\/logo\/image\/"},"sameAs":["https:\/\/www.facebook.com\/parfumdepoches"]}]}},"jetpack_sharing_enabled":true,"jetpack-related-posts":[{"id":683,"url":"https:\/\/dupeparfum.fr\/en\/termes-et-conditions\/","url_meta":{"origin":9,"position":0},"title":"POLITIQUE DE CONFIDENTIALITE","author":"admin","date":"October 16, 2018","format":false,"excerpt":"QUI SOMMES NOUS R\u00e8gles de confidentialit\u00e9 dupeparfum.fr Informations d'identification demand\u00e9es lors de l'inscription Un pseudonyme et un mot de passe sont demand\u00e9s lors de l'inscription. Ces informations sont utilis\u00e9es pour prot\u00e9ger votre compte contre d'\u00e9ventuels acc\u00e8s non autoris\u00e9s. Un compte dupeparfum.fr vous permet d'acc\u00e9der \u00e0 de nombreux services n\u00e9cessitant une\u2026","rel":"","context":"Similar post","block_context":{"text":"Similar post","link":""},"img":{"alt_text":"","src":"","width":0,"height":0},"classes":[]},{"id":705,"url":"https:\/\/dupeparfum.fr\/en\/my-account-2\/","url_meta":{"origin":9,"position":1},"title":"MON COMPTE","author":"admin","date":"October 16, 2018","format":false,"excerpt":"","rel":"","context":"Similar post","block_context":{"text":"Similar post","link":""},"img":{"alt_text":"","src":"","width":0,"height":0},"classes":[]},{"id":707,"url":"https:\/\/dupeparfum.fr\/en\/","url_meta":{"origin":9,"position":2},"title":"ACCEUIL","author":"admin","date":"October 16, 2018","format":false,"excerpt":"Dupe parfum \u00e0 petit prix pour femme et homme Votre parfum \u00e9quivalent homme qui refl\u00e8te l\u2019\u00e9l\u00e9gance et le raffinement. CATALOQGUE PARFUM HOMME Les meilleurs parfums pour femmes \u00e9l\u00e9gantes et raffin\u00e9es. CATALOQGUE PARFUM FEMME VOIR TOUT QU'EST CE QU'UN DUPE DE PARFUM? Un dupe de parfum est une alternative inspir\u00e9e des\u2026","rel":"","context":"Similar post","block_context":{"text":"Similar post","link":""},"img":{"alt_text":"dupe parfum","src":"https:\/\/dupeparfum.fr\/wp-content\/uploads\/2024\/11\/Parfum-De-Poche-N186-Inspire-de-La-Vie-Est-Belle-Florale.jpg","width":350,"height":200,"srcset":"https:\/\/dupeparfum.fr\/wp-content\/uploads\/2024\/11\/Parfum-De-Poche-N186-Inspire-de-La-Vie-Est-Belle-Florale.jpg 1x, https:\/\/dupeparfum.fr\/wp-content\/uploads\/2024\/11\/Parfum-De-Poche-N186-Inspire-de-La-Vie-Est-Belle-Florale.jpg 1.5x"},"classes":[]}],"post-meta":{"_edit_lock":["1690196659:1"],"_edit_last":["1"],"site-container":["default"],"site-header-transparent":["default"],"site-page-header":["default"],"site-sidebar":["default"],"_elementor_template_type":["wp-page"],"_elementor_version":["2.9.8"],"_wp_page_template":["default"],"_elementor_data":["[{\"id\":\"462bb519\",\"elType\":\"section\",\"settings\":[],\"elements\":[{\"id\":\"73921d10\",\"elType\":\"column\",\"settings\":{\"_column_size\":100},\"elements\":[{\"id\":\"263bb6aa\",\"elType\":\"widget\",\"settings\":{\"editor\":\"<!-- wp:shortcode -->\\n[woocommerce_my_account]\\n<!-- \\\/wp:shortcode -->\",\"align\":\"center\"},\"elements\":[],\"widgetType\":\"text-editor\"}],\"isInner\":false}],\"isInner\":false}]"],"_elementor_controls_usage":["a:3:{s:11:\"text-editor\";a:3:{s:5:\"count\";i:1;s:15:\"control_percent\";i:1;s:8:\"controls\";a:2:{s:7:\"content\";a:1:{s:14:\"section_editor\";a:1:{s:6:\"editor\";i:1;}}s:5:\"style\";a:1:{s:13:\"section_style\";a:1:{s:5:\"align\";i:1;}}}}s:6:\"column\";a:3:{s:5:\"count\";i:1;s:15:\"control_percent\";i:0;s:8:\"controls\";a:0:{}}s:7:\"section\";a:3:{s:5:\"count\";i:1;s:15:\"control_percent\";i:0;s:8:\"controls\";a:0:{}}}"],"rank_math_robots":["a:1:{i:0;s:5:\"index\";}"],"rank_math_focus_keyword":["mon compte parfum de poche"],"_yoast_wpseo_title":["Mon compte : DupeParfum.fr"],"_elementor_edit_mode":["builder"],"_eael_custom_js":[""],"_last_editor_used_jetpack":["block-editor"],"hefo_before":["0"],"hefo_after":["0"],"ao_post_optimize":["a:6:{s:16:\"ao_post_optimize\";s:2:\"on\";s:19:\"ao_post_js_optimize\";s:2:\"on\";s:20:\"ao_post_css_optimize\";s:2:\"on\";s:12:\"ao_post_ccss\";s:2:\"on\";s:16:\"ao_post_lazyload\";s:2:\"on\";s:15:\"ao_post_preload\";s:0:\"\";}"],"_yoast_wpseo_estimated-reading-time-minutes":["1"],"_yoast_wpseo_wordproof_timestamp":[""],"_eael_post_view_count":["8711"],"_jetpack_related_posts_cache":["a:1:{s:32:\"bfc62710165ed7b51223b165689d40a3\";a:2:{s:7:\"expires\";i:1776379269;s:7:\"payload\";a:4:{i:0;a:1:{s:2:\"id\";i:683;}i:1;a:1:{s:2:\"id\";i:705;}i:2;a:1:{s:2:\"id\";i:7721;}i:3;a:1:{s:2:\"id\";i:707;}}}}"],"_elementor_page_assets":["a:1:{s:7:\"scripts\";a:1:{i:0;s:18:\"elementor-frontend\";}}"],"_elementor_css":["a:7:{s:4:\"time\";i:1776314875;s:5:\"fonts\";a:0:{}s:5:\"icons\";a:0:{}s:20:\"dynamic_elements_ids\";a:0:{}s:6:\"status\";s:6:\"inline\";i:0;s:0:\"\";s:3:\"css\";s:78:\".elementor-9 .elementor-element.elementor-element-263bb6aa{text-align:center;}\";}"],"_elementor_element_cache":["{\"timeout\":1776401275,\"value\":{\"content\":\"\\t\\t<section class=\\\"elementor-section elementor-top-section elementor-element elementor-element-462bb519 elementor-section-boxed elementor-section-height-default elementor-section-height-default\\\" data-id=\\\"462bb519\\\" data-element_type=\\\"section\\\" data-e-type=\\\"section\\\">\\n\\t\\t\\t\\t\\t\\t<div class=\\\"elementor-container elementor-column-gap-default\\\">\\n\\t\\t\\t\\t\\t<div class=\\\"elementor-column elementor-col-100 elementor-top-column elementor-element elementor-element-73921d10\\\" data-id=\\\"73921d10\\\" data-element_type=\\\"column\\\" data-e-type=\\\"column\\\">\\n\\t\\t\\t<div class=\\\"elementor-widget-wrap elementor-element-populated\\\">\\n\\t\\t\\t\\t[elementor-element k=\\\"dd8283b5e4a6429021518faae76d19f5\\\" data=\\\"eyJpZCI6IjI2M2JiNmFhIiwiZWxUeXBlIjoid2lkZ2V0Iiwic2V0dGluZ3MiOnsiZWRpdG9yIjoiPCEtLSB3cDpzaG9ydGNvZGUgLS0+XG5bd29vY29tbWVyY2VfbXlfYWNjb3VudF1cbjwhLS0gXC93cDpzaG9ydGNvZGUgLS0+IiwiYWxpZ24iOiJjZW50ZXIifSwiZWxlbWVudHMiOltdLCJ3aWRnZXRUeXBlIjoidGV4dC1lZGl0b3IifQ==\\\"]\\t\\t\\t<\\\/div>\\n\\t\\t<\\\/div>\\n\\t\\t\\t\\t\\t<\\\/div>\\n\\t\\t<\\\/section>\\n\\t\\t\",\"scripts\":[],\"styles\":[]}}"]},"_links":{"self":[{"href":"https:\/\/dupeparfum.fr\/en\/wp-json\/wp\/v2\/pages\/9","targetHints":{"allow":["GET"]}}],"collection":[{"href":"https:\/\/dupeparfum.fr\/en\/wp-json\/wp\/v2\/pages"}],"about":[{"href":"https:\/\/dupeparfum.fr\/en\/wp-json\/wp\/v2\/types\/page"}],"author":[{"embeddable":true,"href":"https:\/\/dupeparfum.fr\/en\/wp-json\/wp\/v2\/users\/1"}],"replies":[{"embeddable":true,"href":"https:\/\/dupeparfum.fr\/en\/wp-json\/wp\/v2\/comments?post=9"}],"version-history":[{"count":1,"href":"https:\/\/dupeparfum.fr\/en\/wp-json\/wp\/v2\/pages\/9\/revisions"}],"predecessor-version":[{"id":6066,"href":"https:\/\/dupeparfum.fr\/en\/wp-json\/wp\/v2\/pages\/9\/revisions\/6066"}],"wp:attachment":[{"href":"https:\/\/dupeparfum.fr\/en\/wp-json\/wp\/v2\/media?parent=9"}],"curies":[{"name":"wp","href":"https:\/\/api.w.org\/{rel}","templated":true}]}}